{"id":794,"date":"2014-08-16T00:21:26","date_gmt":"2014-08-16T05:21:26","guid":{"rendered":"http:\/\/electricityexpress.com\/?page_id=794"},"modified":"2024-03-29T17:04:56","modified_gmt":"2024-03-29T22:04:56","slug":"baird-texas-electricity","status":"publish","type":"page","link":"https:\/\/electricityexpress.com\/en\/coverage-map\/baird-texas-electricity\/","title":{"rendered":"Cheap Electricity Company in Baird Texas"},"content":{"rendered":"<p><a href=\"https:\/\/account.paylesspower.com\/enroll\/750778\"><img loading=\"lazy\" decoding=\"async\" class=\"aligncenter wp-image-20000 size-medium\" title=\"Compa\u00f1\u00eda de Luz Barata\" src=\"https:\/\/electricityexpress.com\/en\/wp-content\/uploads\/sites\/3\/2023\/03\/City-Pages-2023-ES-300x197.png\" alt=\"Compa\u00f1\u00eda de Luz Barata\" width=\"300\" height=\"197\" \/><\/a><\/p>\n<p style=\"text-align: center;\"><a class=\"maxbutton-6 maxbutton maxbutton-call-plp-cities\" href=\"tel:844-236-0382\"><span class='mb-text'>844-236-0382<\/span><\/a>\n<p><a href=\"https:\/\/account.paylesspower.com\/enroll\/750778\" target=\"_blank\" rel=\"noopener noreferrer\"><img loading=\"lazy\" decoding=\"async\" class=\"aligncenter wp-image-17994 size-medium\" title=\"Pasos para obtener luz barata\" src=\"https:\/\/electricityexpress.com\/en\/wp-content\/uploads\/sites\/3\/2022\/08\/Electricidad-prepagada-en-4-pasos-300x146.png\" alt=\"Pasos para obtener luz barata\" width=\"300\" height=\"146\" \/><\/a><\/p>\n<h2><span style=\"color: #3366ff;\">Compa\u00f1\u00eda de Electricidad a Bajo Precio en Baird Texas.<\/span><\/h2>\n<p>Energ\u00eda accesible para Baird Texas. Elege tu proveedor de electricidad y obt\u00e9n tu servicio de energ\u00eda en minutos.<\/p>\n<h3><span style=\"color: #993300;\">Ventajas de Luz Prepagada.<\/span><\/h3>\n<ul>\n<li>\n<h4><strong>Conexi\u00f3n de luz el mismo d\u00eda.<\/strong><\/h4>\n<\/li>\n<li>\n<h4><strong>Sin verificaci\u00f3n de cr\u00e9dito.<\/strong><\/h4>\n<\/li>\n<li>\n<h4><strong>No se requiere pagar dep\u00f3sito.<\/strong><\/h4>\n<\/li>\n<li>\n<h4><strong>Notificaciones diarias de uso de energ\u00eda.<\/strong><\/h4>\n<\/li>\n<\/ul>\n<p><strong>Conexi\u00f3n de electricidad urgente<\/strong><strong>\u00a0<\/strong>es disponible sin costo adicional. Ll\u00e1menos y nuestros representantes de atenci\u00f3n al cliente pueden explicarle los detalles del<\/p>\n<h5>Servicio de Luz Barata en Baird Texas.<\/h5>\n<p>Esta es tu compa\u00f1\u00eda de energ\u00eda barata Baird Texas. Deja que <strong>Electricity Express<\/strong> te ayude, comenzar es r\u00e1pido y f\u00e1cil, \u00a1ll\u00e1manos hoy!<\/p>\n<h5><span style=\"color: #993300;\"><strong>Servicio de electricidad sin verificaci\u00f3n de cr\u00e9dito.<\/strong><\/span><\/h5>\n<p>Ahora, con el servicio de electricidad prepagada, ten la seguridad de que <strong>tu informaci\u00f3n personal est\u00e1 segura.<\/strong> Nuestra pol\u00edtica de <strong>NO VERIFICACI\u00d3N DE CR\u00c9DITO<\/strong> mantendr\u00e1 tu informaci\u00f3n segura, no te pediremos tu n\u00famero de seguro social o n\u00famero de licencia de conducir.<\/p>\n<h6>Electricidad sin dep\u00f3sito Baird Texas.<\/h6>\n<p>Cuando compras tu electricidad por adelantado, no hay necesidad de exigir dinero como dep\u00f3sito. Est\u00e1s comprando los kilovatios que usar\u00e1s en los pr\u00f3ximos d\u00edas. Esto te ayudar\u00e1 a presupuestar y te ayudar\u00e1 a hacer un mejor uso de todos tus electrodom\u00e9sticos y electr\u00f3nicos. Ilustrado con las notificaciones de uso diario, sabr\u00e1s cu\u00e1nta energ\u00eda usas cada d\u00eda. Compa\u00f1\u00eda de Luz Barata.<\/p>\n<h6>Ahorra luz en casa sabiendo cuanta energ\u00eda consumes a diario.<\/h6>\n<p>Los mensajes de texto o correos electr\u00f3nicos diarios sobre el uso de energ\u00eda son una gran herramienta para ahorrar electricidad. Conocer y comprender tu uso de energ\u00eda te ayudar\u00e1 a ahorrar energ\u00eda. Si sabes c\u00f3mo funcionan tus electrodom\u00e9sticos, sabr\u00e1s c\u00f3mo y cu\u00e1ndo funcionan de manera m\u00e1s eficiente. Ahorra energ\u00eda, paga menos electricidad y tus electrodom\u00e9sticos durar\u00e1n m\u00e1s. Con la notificaci\u00f3n de uso diario, puedes ver si tus esfuerzos por ahorrar energ\u00eda est\u00e1n funcionando.<\/p>\n<p><strong><span style=\"color: #008080;\">Los mejores consejos para pagar menos en su factura de electricidad.<\/span><\/strong><\/p>\n<ol>\n<li><strong><a href=\"https:\/\/electricityexpress.com\/en\/advantages-of-prepaid-electricity\/\">Saber su consumo de energ\u00eda con notificaciones diarias de uso de electricidad.<\/a><\/strong><\/li>\n<li><strong><a href=\"https:\/\/electricityexpress.com\/en\/save-energy-and-money-while-doing-your-laundry\/\">Lavar y secar su ropa despu\u00e9s de las 9 PM.<\/a><\/strong><\/li>\n<li><strong><a href=\"https:\/\/electricityexpress.com\/en\/home-electricity-tips-air-conditioner-use-it-correctly\/\">No apagar su aire acondicionado o calefacci\u00f3n<\/a>.<\/strong><\/li>\n<li><strong><a href=\"https:\/\/electricityexpress.com\/en\/pay-less-electricity-cleaning-your-air-filter\/\">Cambiar el filtro de aire cada 3 meses.<\/a><\/strong><\/li>\n<li><strong><a href=\"https:\/\/electricityexpress.com\/en\/save-electricity-at-home-keep-doors-closed\/\">Mantener las puertas y ventanas cerradas.<\/a><\/strong><\/li>\n<li><strong><a href=\"https:\/\/electricityexpress.com\/en\/tips-to-save-electricity-and-water\/\">Ahorrar agua.<\/a><\/strong><\/li>\n<li><strong><a href=\"https:\/\/electricityexpress.com\/en\/save-more-electricity-summertime-ideas-4\/\">Usar los ventiladores de techo.<\/a><\/strong><\/li>\n<\/ol>\n<p><a href=\"https:\/\/electricityexpress.com\/en\/power-blog\/\">Consulta nuestro Power Blog para obtener m\u00e1s ideas sobre c\u00f3mo ahorrar energ\u00eda<\/a><\/p>\n<h6><span style=\"color: #3366ff;\">Compa\u00f1\u00eda de Luz Barata Baird <\/span><\/h6>\n<p><a href=\"https:\/\/account.paylesspower.com\/enroll\/750778\">Planes de energ\u00eda y suscripciones, haga clic aqu\u00ed<\/a><\/p>\n<a class=\"maxbutton-6 maxbutton maxbutton-call-plp-cities\" href=\"tel:844-236-0382\"><span class='mb-text'>844-236-0382<\/span><\/a>\n<p>&#8212;&#8212;&#8212;&#8212;&#8212;&#8212;&#8212;<\/p>\n<p>&nbsp;<\/p>\n<div id=\"attachment_10891\" style=\"width: 310px\" class=\"wp-caption alignnone\"><img loading=\"lazy\" decoding=\"async\" aria-describedby=\"caption-attachment-10891\" class=\"size-medium wp-image-10891\" src=\"https:\/\/electricityexpress.com\/en\/wp-content\/uploads\/sites\/3\/2020\/02\/Baird-Texas-Electricity-300x250.jpg\" alt=\"Baird Texas Electricity\" width=\"300\" height=\"250\" \/><p id=\"caption-attachment-10891\" class=\"wp-caption-text\">Baird Texas<\/p><\/div>\n<p>ZIPCODE: 79504<\/p>\n<p>&nbsp;<\/p>\n<p>&nbsp;<\/p>\n<p>To see other cities where affordable electricity is available to check our deregulated cities on the Texas <a title=\"Deregulation Coverage Map\" href=\"http:\/\/electricityexpress.com\/en\/coverage-map\/\" target=\"_blank\" rel=\"noopener noreferrer\">coverage map page.<\/a> This page is for Baird Texas Electricity.<\/p>\n<p>&nbsp;<\/p>\n<p>&nbsp;<\/p>\n","protected":false},"excerpt":{"rendered":"<p>Compa\u00f1\u00eda de Electricidad a Bajo Precio en Baird Texas. Energ\u00eda accesible para Baird Texas. Elege tu proveedor de electricidad y obt\u00e9n tu servicio de energ\u00eda en minutos. Ventajas de Luz Prepagada. Conexi\u00f3n de luz el mismo d\u00eda. Sin verificaci\u00f3n de cr\u00e9dito. No se requiere pagar dep\u00f3sito. Notificaciones diarias de uso de energ\u00eda. Conexi\u00f3n de electricidad [&hellip;]<\/p>\n","protected":false},"author":1,"featured_media":10891,"parent":613,"menu_order":55,"comment_status":"closed","ping_status":"closed","template":"","meta":{"_acf_changed":false,"_seopress_robots_primary_cat":"","_seopress_titles_title":"","_seopress_titles_desc":"","_seopress_robots_index":"","_monsterinsights_skip_tracking":false,"_monsterinsights_sitenote_active":false,"_monsterinsights_sitenote_note":"","_monsterinsights_sitenote_category":0,"jetpack_post_was_ever_published":false,"footnotes":""},"class_list":["post-794","page","type-page","status-publish","has-post-thumbnail","hentry"],"acf":[],"jetpack_shortlink":"https:\/\/wp.me\/PfEdyg-cO","jetpack_sharing_enabled":true,"_links":{"self":[{"href":"https:\/\/electricityexpress.com\/en\/wp-json\/wp\/v2\/pages\/794","targetHints":{"allow":["GET"]}}],"collection":[{"href":"https:\/\/electricityexpress.com\/en\/wp-json\/wp\/v2\/pages"}],"about":[{"href":"https:\/\/electricityexpress.com\/en\/wp-json\/wp\/v2\/types\/page"}],"author":[{"embeddable":true,"href":"https:\/\/electricityexpress.com\/en\/wp-json\/wp\/v2\/users\/1"}],"replies":[{"embeddable":true,"href":"https:\/\/electricityexpress.com\/en\/wp-json\/wp\/v2\/comments?post=794"}],"version-history":[{"count":0,"href":"https:\/\/electricityexpress.com\/en\/wp-json\/wp\/v2\/pages\/794\/revisions"}],"up":[{"embeddable":true,"href":"https:\/\/electricityexpress.com\/en\/wp-json\/wp\/v2\/pages\/613"}],"wp:featuredmedia":[{"embeddable":true,"href":"https:\/\/electricityexpress.com\/en\/wp-json\/wp\/v2\/media\/10891"}],"wp:attachment":[{"href":"https:\/\/electricityexpress.com\/en\/wp-json\/wp\/v2\/media?parent=794"}],"curies":[{"name":"wp","href":"https:\/\/api.w.org\/{rel}","templated":true}]}}